{"id":330,"date":"2026-04-21T07:56:32","date_gmt":"2026-04-21T05:56:32","guid":{"rendered":"https:\/\/winckel-services.fr\/?page_id=330"},"modified":"2026-04-21T08:35:38","modified_gmt":"2026-04-21T06:35:38","slug":"blog","status":"publish","type":"page","link":"https:\/\/winckel-services.fr\/index.php\/blog\/","title":{"rendered":"BLOG"},"content":{"rendered":"\t\t<div data-elementor-type=\"wp-page\" data-elementor-id=\"330\" class=\"elementor elementor-330\">\n\t\t\t\t<div class=\"elementor-element elementor-element-4c46972 e-flex e-con-boxed e-con e-parent\" data-id=\"4c46972\" data-element_type=\"container\" data-e-type=\"container\">\n\t\t\t\t\t<div class=\"e-con-inner\">\n\t\t\t\t<div class=\"elementor-element elementor-element-49f989a elementor-widget elementor-widget-heading\" data-id=\"49f989a\" data-element_type=\"widget\" data-e-type=\"widget\" data-widget_type=\"heading.default\">\n\t\t\t\t\t<h2 class=\"elementor-heading-title elementor-size-default\">Le Blog de Winckel services, d\u00e9barras en Essonne et ses environs<\/h2>\t\t\t\t<\/div>\n\t\t\t\t<div class=\"elementor-element elementor-element-d013c6d elementor-widget elementor-widget-text-editor\" data-id=\"d013c6d\" data-element_type=\"widget\" data-e-type=\"widget\" data-widget_type=\"text-editor.default\">\n\t\t\t\t\t\t\t\t\t<p data-start=\"81\" data-end=\"751\">Bienvenue sur notre blog d\u00e9di\u00e9 au d\u00e9barras en Essonne.<\/p><p data-start=\"81\" data-end=\"751\">\u00c0 travers ces articles, nous vous proposons de d\u00e9couvrir l\u2019univers de Winckel services, une entreprise familiale engag\u00e9e, sp\u00e9cialis\u00e9e dans le d\u00e9barras de maisons, d\u2019appartements et de locaux professionnels.<\/p><p data-start=\"81\" data-end=\"751\">Vous y trouverez <strong>des<\/strong> <strong>conseils pratiques<\/strong> pour organiser un d\u00e9barras efficacement, <strong>des informations<\/strong> sur les diff\u00e9rentes prestations propos\u00e9es, ainsi que <strong>des \u00e9clairages<\/strong> sur les enjeux li\u00e9s au tri, au recyclage et \u00e0 la valorisation des objets. Que vous soyez confront\u00e9 \u00e0 un d\u00e9m\u00e9nagement, une succession ou simplement un besoin de faire de la place, <strong>ce blog a pour vocation de vous accompagner et de r\u00e9pondre \u00e0 toutes vos questions.<\/strong><\/p>\t\t\t\t\t\t\t\t<\/div>\n\t\t\t\t\t<\/div>\n\t\t\t\t<\/div>\n\t\t<div class=\"elementor-element elementor-element-99ded01 e-flex e-con-boxed e-con e-parent\" data-id=\"99ded01\" data-element_type=\"container\" data-e-type=\"container\">\n\t\t\t\t\t<div class=\"e-con-inner\">\n\t\t\t\t<div class=\"elementor-element elementor-element-cb79708 elementor-widget elementor-widget-image\" data-id=\"cb79708\" data-element_type=\"widget\" data-e-type=\"widget\" data-widget_type=\"image.default\">\n\t\t\t\t\t\t\t\t\t\t\t\t\t\t\t<img fetchpriority=\"high\" decoding=\"async\" width=\"800\" height=\"166\" src=\"https:\/\/winckel-services.fr\/wp-content\/uploads\/2026\/04\/Sans-titre-48-\u00d7-10-po-1024x213-1.jpg\" class=\"attachment-large size-large wp-image-332\" alt=\"Blog debarras\" srcset=\"https:\/\/winckel-services.fr\/wp-content\/uploads\/2026\/04\/Sans-titre-48-\u00d7-10-po-1024x213-1.jpg 1024w, https:\/\/winckel-services.fr\/wp-content\/uploads\/2026\/04\/Sans-titre-48-\u00d7-10-po-1024x213-1-300x62.jpg 300w, https:\/\/winckel-services.fr\/wp-content\/uploads\/2026\/04\/Sans-titre-48-\u00d7-10-po-1024x213-1-768x160.jpg 768w\" sizes=\"(max-width: 800px) 100vw, 800px\" \/>\t\t\t\t\t\t\t\t\t\t\t\t\t\t\t<\/div>\n\t\t\t\t\t<\/div>\n\t\t\t\t<\/div>\n\t\t<div class=\"elementor-element elementor-element-0ebf9ef e-flex e-con-boxed e-con e-parent\" data-id=\"0ebf9ef\" data-element_type=\"container\" data-e-type=\"container\">\n\t\t\t\t\t<div class=\"e-con-inner\">\n\t\t\t\t<div class=\"elementor-element elementor-element-00a6319 elementor-widget elementor-widget-wp-widget-recent-posts\" data-id=\"00a6319\" data-element_type=\"widget\" data-e-type=\"widget\" data-widget_type=\"wp-widget-recent-posts.default\">\n\t\t\t\t<div class=\"elementor-widget-container\">\n\t\t\t\t\t\n\t\t\n\t\t<h5>Articles r\u00e9cents<\/h5><nav aria-label=\"Articles r\u00e9cents\">\n\t\t<ul>\n\t\t\t\t\t\t\t\t\t\t\t<li>\n\t\t\t\t\t<a href=\"https:\/\/winckel-services.fr\/index.php\/2026\/04\/21\/debarras-en-essonne-apres-succession-comment-gerer-les-objets-sentimentaux\/\">D\u00e9barras en Essonne apr\u00e8s succession : comment g\u00e9rer les objets sentimentaux ?<\/a>\n\t\t\t\t\t\t\t\t\t<\/li>\n\t\t\t\t\t<\/ul>\n\n\t\t<\/nav>\t\t\t\t<\/div>\n\t\t\t\t<\/div>\n\t\t\t\t\t<\/div>\n\t\t\t\t<\/div>\n\t\t<div class=\"elementor-element elementor-element-f27dc67 e-flex e-con-boxed e-con e-parent\" data-id=\"f27dc67\" data-element_type=\"container\" data-e-type=\"container\">\n\t\t\t\t\t<div class=\"e-con-inner\">\n\t\t<div class=\"elementor-element elementor-element-396fefa e-con-full e-flex e-con e-child\" data-id=\"396fefa\" data-element_type=\"container\" data-e-type=\"container\">\n\t\t\t\t<div class=\"elementor-element elementor-element-56f7a09 elementor-widget elementor-widget-heading\" data-id=\"56f7a09\" data-element_type=\"widget\" data-e-type=\"widget\" data-widget_type=\"heading.default\">\n\t\t\t\t\t<h2 class=\"elementor-heading-title elementor-size-default\">Besoin d'aide pour un d\u00e9barras ?<\/h2>\t\t\t\t<\/div>\n\t\t\t\t<div class=\"elementor-element elementor-element-fdac2fc elementor-widget elementor-widget-text-editor\" data-id=\"fdac2fc\" data-element_type=\"widget\" data-e-type=\"widget\" data-widget_type=\"text-editor.default\">\n\t\t\t\t\t\t\t\t\t<p><strong>D\u00e9barras en Essonne<\/strong>, Winckel Services est votre partenaire de confiance.\u00a0<strong><a href=\"https:\/\/winckel-services.fr\/index.php\/formules-de-debarras-en-essonne\/\">Notre offre\u00a0<\/a><\/strong>en Essonne est con\u00e7ue pour r\u00e9pondre pr\u00e9cis\u00e9ment \u00e0 vos besoins : une prise en charge de votre d\u00e9barras rapide avec une intervention professionnelle, incluant un travail soign\u00e9, tout en vous proposant des tarifs comp\u00e9titifs gr\u00e2ce \u00e0 la revalorisation des objets encore utilisables.<\/p>\t\t\t\t\t\t\t\t<\/div>\n\t\t\t\t<\/div>\n\t\t<div class=\"elementor-element elementor-element-9f9d0ca e-con-full e-flex e-con e-child\" data-id=\"9f9d0ca\" data-element_type=\"container\" data-e-type=\"container\">\n\t\t\t\t<div class=\"elementor-element elementor-element-14fae91 elementor-align-center elementor-widget elementor-widget-button\" data-id=\"14fae91\" data-element_type=\"widget\" data-e-type=\"widget\" data-widget_type=\"button.default\">\n\t\t\t\t\t\t\t\t\t\t<a class=\"elementor-button elementor-button-link elementor-size-sm\" href=\"https:\/\/winckel-services.fr\/index.php\/contact-debarras-en-essonne\/\">\n\t\t\t\t\t\t<span class=\"elementor-button-content-wrapper\">\n\t\t\t\t\t\t\t\t\t<span class=\"elementor-button-text\">Nous contacter<\/span>\n\t\t\t\t\t<\/span>\n\t\t\t\t\t<\/a>\n\t\t\t\t\t\t\t\t<\/div>\n\t\t\t\t<\/div>\n\t\t\t\t\t<\/div>\n\t\t\t\t<\/div>\n\t\t\t\t<\/div>\n\t\t","protected":false},"excerpt":{"rendered":"<p>\u00c0 travers ces articles, nous vous proposons de d\u00e9couvrir l\u2019univers de Winckel services, une entreprise familiale engag\u00e9e, sp\u00e9cialis\u00e9e dans le d\u00e9barras de maisons, d\u2019appartements et de locaux professionnels.<\/p>\n","protected":false},"author":1,"featured_media":332,"parent":0,"menu_order":0,"comment_status":"closed","ping_status":"closed","template":"","meta":{"footnotes":""},"class_list":["post-330","page","type-page","status-publish","has-post-thumbnail","hentry"],"yoast_head":"<!-- This site is optimized with the Yoast SEO plugin v27.4 - https:\/\/yoast.com\/product\/yoast-seo-wordpress\/ -->\n<title>BLOG - Winckel Services - D\u00e9barras en Essonne<\/title>\n<meta name=\"description\" content=\"D\u00e9couvrez l\u2019univers de Winckel services, une entreprise engag\u00e9e, sp\u00e9cialis\u00e9e dans le d\u00e9barras de maisons, d\u2019appartements et de locaux professionnels.\" \/>\n<meta name=\"robots\" content=\"index, follow, max-snippet:-1, max-image-preview:large, max-video-preview:-1\" \/>\n<link rel=\"canonical\" href=\"https:\/\/winckel-services.fr\/index.php\/blog\/\" \/>\n<meta property=\"og:locale\" content=\"fr_FR\" \/>\n<meta property=\"og:type\" content=\"article\" \/>\n<meta property=\"og:title\" content=\"BLOG - Winckel Services - D\u00e9barras en Essonne\" \/>\n<meta property=\"og:description\" content=\"D\u00e9couvrez l\u2019univers de Winckel services, une entreprise engag\u00e9e, sp\u00e9cialis\u00e9e dans le d\u00e9barras de maisons, d\u2019appartements et de locaux professionnels.\" \/>\n<meta property=\"og:url\" content=\"https:\/\/winckel-services.fr\/index.php\/blog\/\" \/>\n<meta property=\"og:site_name\" content=\"Winckel Services\" \/>\n<meta property=\"article:modified_time\" content=\"2026-04-21T06:35:38+00:00\" \/>\n<meta property=\"og:image\" content=\"https:\/\/winckel-services.fr\/wp-content\/uploads\/2026\/04\/Sans-titre-48-\u00d7-10-po-1024x213-1.jpg\" \/>\n\t<meta property=\"og:image:width\" content=\"1024\" \/>\n\t<meta property=\"og:image:height\" content=\"213\" \/>\n\t<meta property=\"og:image:type\" content=\"image\/jpeg\" \/>\n<meta name=\"twitter:card\" content=\"summary_large_image\" \/>\n<script type=\"application\/ld+json\" class=\"yoast-schema-graph\">{\"@context\":\"https:\\\/\\\/schema.org\",\"@graph\":[{\"@type\":\"WebPage\",\"@id\":\"https:\\\/\\\/winckel-services.fr\\\/index.php\\\/blog\\\/\",\"url\":\"https:\\\/\\\/winckel-services.fr\\\/index.php\\\/blog\\\/\",\"name\":\"BLOG - Winckel Services - D\u00e9barras en Essonne\",\"isPartOf\":{\"@id\":\"https:\\\/\\\/winckel-services.fr\\\/#website\"},\"primaryImageOfPage\":{\"@id\":\"https:\\\/\\\/winckel-services.fr\\\/index.php\\\/blog\\\/#primaryimage\"},\"image\":{\"@id\":\"https:\\\/\\\/winckel-services.fr\\\/index.php\\\/blog\\\/#primaryimage\"},\"thumbnailUrl\":\"https:\\\/\\\/winckel-services.fr\\\/wp-content\\\/uploads\\\/2026\\\/04\\\/Sans-titre-48-\u00d7-10-po-1024x213-1.jpg\",\"datePublished\":\"2026-04-21T05:56:32+00:00\",\"dateModified\":\"2026-04-21T06:35:38+00:00\",\"description\":\"D\u00e9couvrez l\u2019univers de Winckel services, une entreprise engag\u00e9e, sp\u00e9cialis\u00e9e dans le d\u00e9barras de maisons, d\u2019appartements et de locaux professionnels.\",\"breadcrumb\":{\"@id\":\"https:\\\/\\\/winckel-services.fr\\\/index.php\\\/blog\\\/#breadcrumb\"},\"inLanguage\":\"fr-FR\",\"potentialAction\":[{\"@type\":\"ReadAction\",\"target\":[\"https:\\\/\\\/winckel-services.fr\\\/index.php\\\/blog\\\/\"]}]},{\"@type\":\"ImageObject\",\"inLanguage\":\"fr-FR\",\"@id\":\"https:\\\/\\\/winckel-services.fr\\\/index.php\\\/blog\\\/#primaryimage\",\"url\":\"https:\\\/\\\/winckel-services.fr\\\/wp-content\\\/uploads\\\/2026\\\/04\\\/Sans-titre-48-\u00d7-10-po-1024x213-1.jpg\",\"contentUrl\":\"https:\\\/\\\/winckel-services.fr\\\/wp-content\\\/uploads\\\/2026\\\/04\\\/Sans-titre-48-\u00d7-10-po-1024x213-1.jpg\",\"width\":1024,\"height\":213,\"caption\":\"Blog debarras\"},{\"@type\":\"BreadcrumbList\",\"@id\":\"https:\\\/\\\/winckel-services.fr\\\/index.php\\\/blog\\\/#breadcrumb\",\"itemListElement\":[{\"@type\":\"ListItem\",\"position\":1,\"name\":\"Accueil\",\"item\":\"https:\\\/\\\/winckel-services.fr\\\/\"},{\"@type\":\"ListItem\",\"position\":2,\"name\":\"BLOG\"}]},{\"@type\":\"WebSite\",\"@id\":\"https:\\\/\\\/winckel-services.fr\\\/#website\",\"url\":\"https:\\\/\\\/winckel-services.fr\\\/\",\"name\":\"Winckel Services\",\"description\":\"D\u00e9barras Essonne\",\"publisher\":{\"@id\":\"https:\\\/\\\/winckel-services.fr\\\/#organization\"},\"alternateName\":\"Winckel Services\",\"potentialAction\":[{\"@type\":\"SearchAction\",\"target\":{\"@type\":\"EntryPoint\",\"urlTemplate\":\"https:\\\/\\\/winckel-services.fr\\\/?s={search_term_string}\"},\"query-input\":{\"@type\":\"PropertyValueSpecification\",\"valueRequired\":true,\"valueName\":\"search_term_string\"}}],\"inLanguage\":\"fr-FR\"},{\"@type\":\"Organization\",\"@id\":\"https:\\\/\\\/winckel-services.fr\\\/#organization\",\"name\":\"Winckel Services\",\"url\":\"https:\\\/\\\/winckel-services.fr\\\/\",\"logo\":{\"@type\":\"ImageObject\",\"inLanguage\":\"fr-FR\",\"@id\":\"https:\\\/\\\/winckel-services.fr\\\/#\\\/schema\\\/logo\\\/image\\\/\",\"url\":\"https:\\\/\\\/winckel-services.fr\\\/wp-content\\\/uploads\\\/2026\\\/01\\\/Logo-TRANSPARENT.png\",\"contentUrl\":\"https:\\\/\\\/winckel-services.fr\\\/wp-content\\\/uploads\\\/2026\\\/01\\\/Logo-TRANSPARENT.png\",\"width\":624,\"height\":218,\"caption\":\"Winckel Services\"},\"image\":{\"@id\":\"https:\\\/\\\/winckel-services.fr\\\/#\\\/schema\\\/logo\\\/image\\\/\"}}]}<\/script>\n<!-- \/ Yoast SEO plugin. -->","yoast_head_json":{"title":"BLOG - Winckel Services - D\u00e9barras en Essonne","description":"D\u00e9couvrez l\u2019univers de Winckel services, une entreprise engag\u00e9e, sp\u00e9cialis\u00e9e dans le d\u00e9barras de maisons, d\u2019appartements et de locaux professionnels.","robots":{"index":"index","follow":"follow","max-snippet":"max-snippet:-1","max-image-preview":"max-image-preview:large","max-video-preview":"max-video-preview:-1"},"canonical":"https:\/\/winckel-services.fr\/index.php\/blog\/","og_locale":"fr_FR","og_type":"article","og_title":"BLOG - Winckel Services - D\u00e9barras en Essonne","og_description":"D\u00e9couvrez l\u2019univers de Winckel services, une entreprise engag\u00e9e, sp\u00e9cialis\u00e9e dans le d\u00e9barras de maisons, d\u2019appartements et de locaux professionnels.","og_url":"https:\/\/winckel-services.fr\/index.php\/blog\/","og_site_name":"Winckel Services","article_modified_time":"2026-04-21T06:35:38+00:00","og_image":[{"width":1024,"height":213,"url":"https:\/\/winckel-services.fr\/wp-content\/uploads\/2026\/04\/Sans-titre-48-\u00d7-10-po-1024x213-1.jpg","type":"image\/jpeg"}],"twitter_card":"summary_large_image","schema":{"@context":"https:\/\/schema.org","@graph":[{"@type":"WebPage","@id":"https:\/\/winckel-services.fr\/index.php\/blog\/","url":"https:\/\/winckel-services.fr\/index.php\/blog\/","name":"BLOG - Winckel Services - D\u00e9barras en Essonne","isPartOf":{"@id":"https:\/\/winckel-services.fr\/#website"},"primaryImageOfPage":{"@id":"https:\/\/winckel-services.fr\/index.php\/blog\/#primaryimage"},"image":{"@id":"https:\/\/winckel-services.fr\/index.php\/blog\/#primaryimage"},"thumbnailUrl":"https:\/\/winckel-services.fr\/wp-content\/uploads\/2026\/04\/Sans-titre-48-\u00d7-10-po-1024x213-1.jpg","datePublished":"2026-04-21T05:56:32+00:00","dateModified":"2026-04-21T06:35:38+00:00","description":"D\u00e9couvrez l\u2019univers de Winckel services, une entreprise engag\u00e9e, sp\u00e9cialis\u00e9e dans le d\u00e9barras de maisons, d\u2019appartements et de locaux professionnels.","breadcrumb":{"@id":"https:\/\/winckel-services.fr\/index.php\/blog\/#breadcrumb"},"inLanguage":"fr-FR","potentialAction":[{"@type":"ReadAction","target":["https:\/\/winckel-services.fr\/index.php\/blog\/"]}]},{"@type":"ImageObject","inLanguage":"fr-FR","@id":"https:\/\/winckel-services.fr\/index.php\/blog\/#primaryimage","url":"https:\/\/winckel-services.fr\/wp-content\/uploads\/2026\/04\/Sans-titre-48-\u00d7-10-po-1024x213-1.jpg","contentUrl":"https:\/\/winckel-services.fr\/wp-content\/uploads\/2026\/04\/Sans-titre-48-\u00d7-10-po-1024x213-1.jpg","width":1024,"height":213,"caption":"Blog debarras"},{"@type":"BreadcrumbList","@id":"https:\/\/winckel-services.fr\/index.php\/blog\/#breadcrumb","itemListElement":[{"@type":"ListItem","position":1,"name":"Accueil","item":"https:\/\/winckel-services.fr\/"},{"@type":"ListItem","position":2,"name":"BLOG"}]},{"@type":"WebSite","@id":"https:\/\/winckel-services.fr\/#website","url":"https:\/\/winckel-services.fr\/","name":"Winckel Services","description":"D\u00e9barras Essonne","publisher":{"@id":"https:\/\/winckel-services.fr\/#organization"},"alternateName":"Winckel Services","potentialAction":[{"@type":"SearchAction","target":{"@type":"EntryPoint","urlTemplate":"https:\/\/winckel-services.fr\/?s={search_term_string}"},"query-input":{"@type":"PropertyValueSpecification","valueRequired":true,"valueName":"search_term_string"}}],"inLanguage":"fr-FR"},{"@type":"Organization","@id":"https:\/\/winckel-services.fr\/#organization","name":"Winckel Services","url":"https:\/\/winckel-services.fr\/","logo":{"@type":"ImageObject","inLanguage":"fr-FR","@id":"https:\/\/winckel-services.fr\/#\/schema\/logo\/image\/","url":"https:\/\/winckel-services.fr\/wp-content\/uploads\/2026\/01\/Logo-TRANSPARENT.png","contentUrl":"https:\/\/winckel-services.fr\/wp-content\/uploads\/2026\/01\/Logo-TRANSPARENT.png","width":624,"height":218,"caption":"Winckel Services"},"image":{"@id":"https:\/\/winckel-services.fr\/#\/schema\/logo\/image\/"}}]}},"_links":{"self":[{"href":"https:\/\/winckel-services.fr\/index.php\/wp-json\/wp\/v2\/pages\/330","targetHints":{"allow":["GET"]}}],"collection":[{"href":"https:\/\/winckel-services.fr\/index.php\/wp-json\/wp\/v2\/pages"}],"about":[{"href":"https:\/\/winckel-services.fr\/index.php\/wp-json\/wp\/v2\/types\/page"}],"author":[{"embeddable":true,"href":"https:\/\/winckel-services.fr\/index.php\/wp-json\/wp\/v2\/users\/1"}],"replies":[{"embeddable":true,"href":"https:\/\/winckel-services.fr\/index.php\/wp-json\/wp\/v2\/comments?post=330"}],"version-history":[{"count":13,"href":"https:\/\/winckel-services.fr\/index.php\/wp-json\/wp\/v2\/pages\/330\/revisions"}],"predecessor-version":[{"id":356,"href":"https:\/\/winckel-services.fr\/index.php\/wp-json\/wp\/v2\/pages\/330\/revisions\/356"}],"wp:featuredmedia":[{"embeddable":true,"href":"https:\/\/winckel-services.fr\/index.php\/wp-json\/wp\/v2\/media\/332"}],"wp:attachment":[{"href":"https:\/\/winckel-services.fr\/index.php\/wp-json\/wp\/v2\/media?parent=330"}],"curies":[{"name":"wp","href":"https:\/\/api.w.org\/{rel}","templated":true}]}}